{"id":970,"date":"2018-08-30T18:37:44","date_gmt":"2018-08-30T21:37:44","guid":{"rendered":"https:\/\/isfdcytcabreralaishi-for.infd.edu.ar\/sitio\/tecnicatura-superior-en-turismo\/"},"modified":"2025-11-11T10:52:09","modified_gmt":"2025-11-11T13:52:09","slug":"tecnicatura-superior-en-turismo","status":"publish","type":"page","link":"https:\/\/isfdcytcabreralaishi-for.infd.edu.ar\/sitio\/tecnicatura-superior-en-turismo\/","title":{"rendered":"Tecnicatura Superior en Producci\u00f3n Agropecuaria con Orientaci\u00f3n en Producci\u00f3n Animal"},"content":{"rendered":"<div class=\"WaaZC\">\n<div class=\"rPeykc\" data-hveid=\"CBAQAQ\" data-ved=\"2ahUKEwjpxKCIm-qQAxUtqZUCHeUaFVMQo_EKegQIEBAB\"><span data-huuid=\"14294262190636489531\"><span data-huuid=\"14294262190636489531\">La tecnicatura en producci\u00f3n animal es una <\/span><\/span><span style=\"font-size: revert;\">carrera t\u00e9cnica enfocada en la gesti\u00f3n de explotaciones ganaderas, abarcando desde la alimentaci\u00f3n y sanidad hasta la administraci\u00f3n y comercializaci\u00f3n de productos de origen animal<\/span><span style=\"font-size: revert;\" data-huuid=\"14294262190636489531\">.\u00a0<\/span><span style=\"font-size: revert;\" data-huuid=\"14294262190636490028\">Prepara profesionales para trabajar en el sector agropecuario, con un enfoque en la producci\u00f3n sostenible y el manejo de tecnolog\u00edas actuales, y proporciona una salida laboral r\u00e1pida.<span class=\"pjBG2e\" data-cid=\"3b89d225-5eaf-4283-baae-2aad5d04148e\"><span class=\"UV3uM\">\u00a0<\/span><\/span><\/span><\/p>\n<div class=\"NPrrbc\" data-cid=\"3b89d225-5eaf-4283-baae-2aad5d04148e\" data-uuids=\"14294262190636489531,14294262190636490028\">\n<div class=\"BMebGe btku5b LwdV0e FR7ZSc OJeuxf\" tabindex=\"0\" role=\"button\" aria-label=\"Ver v\u00ednculos relacionados\" data-hveid=\"CBUQAQ\" data-ved=\"2ahUKEwjpxKCIm-qQAxUtqZUCHeUaFVMQ3fYKegQIFRAB\">\n<div class=\"niO4u\"><\/div>\n<\/div>\n<\/div>\n<\/div>\n<\/div>\n<div class=\"WaaZC\">\n<div class=\"rPeykc uP58nb rWIipd\" data-hveid=\"CA4QAQ\" data-ved=\"2ahUKEwjpxKCIm-qQAxUtqZUCHeUaFVMQo_EKegQIDhAB\"><span data-huuid=\"14294262190636486926\">Objetivos de la carrera<\/span><\/div>\n<\/div>\n<div class=\"WaaZC\">\n<ul data-hveid=\"CB4QAQ\" data-ved=\"2ahUKEwjpxKCIm-qQAxUtqZUCHeUaFVMQm_YKegQIHhAB\">\n<li style=\"list-style-type: none;\">\n<ul data-hveid=\"CB4QAQ\" data-ved=\"2ahUKEwjpxKCIm-qQAxUtqZUCHeUaFVMQm_YKegQIHhAB\">\n<li><span data-huuid=\"14294262190636488417\">Formar recursos humanos con los conocimientos y habilidades para gestionar la producci\u00f3n animal de manera sostenible.<span class=\"pjBG2e\" data-cid=\"72629008-1469-45ff-a255-2d925af3c239\"><span class=\"UV3uM\">\u00a0<\/span><\/span><\/span>\n<div class=\"NPrrbc\" data-cid=\"72629008-1469-45ff-a255-2d925af3c239\" data-uuids=\"14294262190636488417\"><\/div>\n<\/li>\n<li><span data-huuid=\"14294262190636489411\">Aplicar estrategias de manejo que mejoren la producci\u00f3n y la rentabilidad, al tiempo que se cuida el medio ambiente. <\/span><\/li>\n<li><span data-huuid=\"14294262190636490405\">Proporcionar apoyo t\u00e9cnico y orientaci\u00f3n para la producci\u00f3n de productos animales de alta calidad de forma segura y eficiente.<span class=\"pjBG2e\" data-cid=\"99998d6e-53fb-4915-9775-aafb9ff612e2\"><span class=\"UV3uM\">\u00a0<\/span><\/span><\/span>\n<div class=\"NPrrbc\" data-cid=\"99998d6e-53fb-4915-9775-aafb9ff612e2\" data-uuids=\"14294262190636490405\">\n<div class=\"BMebGe btku5b LwdV0e FR7ZSc OJeuxf\" tabindex=\"0\" role=\"button\" aria-label=\"Ver v\u00ednculos relacionados\" data-hveid=\"CH8QAQ\" data-ved=\"2ahUKEwjpxKCIm-qQAxUtqZUCHeUaFVMQ3fYKegQIfxAB\">\n<div><\/div>\n<div class=\"niO4u\">\u00c1reas de competencia<\/div>\n<\/div>\n<\/div>\n<\/li>\n<\/ul>\n<\/li>\n<\/ul>\n<\/div>\n<div class=\"WaaZC\">\n<div id=\"ITsTaamwL63S1sQP5bXUmAU__14\" class=\"bsmXxe\" role=\"none\">\n<div id=\"ITsTaamwL63S1sQP5bXUmAU__26\" class=\"bsmXxe\" role=\"none\">\n<ul>\n<li>\n<div class=\"zMgcWd dSKvsb\" data-il=\"\">\n<div data-crb-p=\"\">\n<div class=\"xFTqob\">\n<div class=\"Gur8Ad\"><span data-huuid=\"14294262190636488794\"><strong>Manejo integral:<\/strong>\u00a0<\/span><\/div>\n<div class=\"vM0jzc\"><span data-huuid=\"14294262190636489291\">Se ocupa del manejo de los animales desde su concepci\u00f3n hasta la faena y venta.<span class=\"pjBG2e\" data-cid=\"7e47cea7-4100-44a7-99fb-b7f35e2a2414\"><span class=\"UV3uM\">\u00a0<\/span><\/span><\/span><\/p>\n<div class=\"NPrrbc\" data-cid=\"7e47cea7-4100-44a7-99fb-b7f35e2a2414\" data-uuids=\"14294262190636488794,14294262190636489291\">\n<div class=\"BMebGe btku5b LwdV0e FR7ZSc OJeuxf\" tabindex=\"0\" role=\"button\" aria-label=\"Ver v\u00ednculos relacionados\" data-hveid=\"CJoBEAE\" data-ved=\"2ahUKEwjpxKCIm-qQAxUtqZUCHeUaFVMQ3fYKegUImgEQAQ\">\n<div class=\"niO4u\"><\/div>\n<\/div>\n<\/div>\n<\/div>\n<\/div>\n<\/div>\n<\/div>\n<\/li>\n<\/ul>\n<\/div>\n<div id=\"ITsTaamwL63S1sQP5bXUmAU__36\" class=\"bsmXxe\" role=\"none\">\n<ul>\n<li>\n<div class=\"zMgcWd dSKvsb\" data-il=\"\">\n<div data-crb-p=\"\">\n<div class=\"xFTqob\">\n<div class=\"Gur8Ad\"><span data-huuid=\"14294262190636490285\"><strong>Gesti\u00f3n de explotaciones:<\/strong>\u00a0<\/span><\/div>\n<div class=\"vM0jzc\"><span data-huuid=\"14294262190636486686\">Incluye la administraci\u00f3n de costos y personal, la planificaci\u00f3n y gesti\u00f3n de proyectos pecuarios.<span class=\"pjBG2e\" data-cid=\"a607d965-3357-49d4-9a25-26f37ebdc694\"><span class=\"UV3uM\">\u00a0<\/span><\/span><\/span><\/p>\n<div class=\"NPrrbc\" data-cid=\"a607d965-3357-49d4-9a25-26f37ebdc694\" data-uuids=\"14294262190636490285,14294262190636486686\"><\/div>\n<\/div>\n<\/div>\n<\/div>\n<\/div>\n<\/li>\n<\/ul>\n<\/div>\n<div id=\"ITsTaamwL63S1sQP5bXUmAU__39\" class=\"bsmXxe\" role=\"none\">\n<ul>\n<li>\n<div class=\"zMgcWd dSKvsb\" data-il=\"\">\n<div data-crb-p=\"\">\n<div class=\"xFTqob\">\n<div class=\"Gur8Ad\"><span data-huuid=\"14294262190636487680\"><strong>Nutrici\u00f3n y sanidad:<\/strong>\u00a0<\/span><\/div>\n<div class=\"vM0jzc\"><span data-huuid=\"14294262190636488177\">Se enfoca en la alimentaci\u00f3n, sanidad, higiene y seguridad de los animales de granja.<span class=\"pjBG2e\" data-cid=\"3a14f775-f041-4624-bd85-05f3337d75df\"><span class=\"UV3uM\">\u00a0<\/span><\/span><\/span><\/p>\n<div class=\"NPrrbc\" data-cid=\"3a14f775-f041-4624-bd85-05f3337d75df\" data-uuids=\"14294262190636487680,14294262190636488177\"><\/div>\n<\/div>\n<\/div>\n<\/div>\n<\/div>\n<\/li>\n<\/ul>\n<\/div>\n<div id=\"ITsTaamwL63S1sQP5bXUmAU__42\" class=\"bsmXxe\" role=\"none\">\n<ul>\n<li>\n<div class=\"zMgcWd dSKvsb\" data-il=\"\">\n<div data-crb-p=\"\">\n<div class=\"xFTqob\">\n<div class=\"Gur8Ad\"><span data-huuid=\"14294262190636489171\"><strong>Tecnolog\u00eda y sostenibilidad:<\/strong>\u00a0<\/span><\/div>\n<div class=\"vM0jzc\"><span data-huuid=\"14294262190636489668\">Aplica conocimientos en tecnolog\u00edas actuales para el desarrollo de una producci\u00f3n sustentable.<span class=\"pjBG2e\" data-cid=\"afb880df-b89a-4afd-bec8-870ccafd4707\"><span class=\"UV3uM\">\u00a0<\/span><\/span><\/span><\/p>\n<div class=\"NPrrbc\" data-cid=\"afb880df-b89a-4afd-bec8-870ccafd4707\" data-uuids=\"14294262190636489171,14294262190636489668\">\n<div class=\"BMebGe btku5b LwdV0e FR7ZSc OJeuxf\" tabindex=\"0\" role=\"button\" aria-label=\"Ver v\u00ednculos relacionados\" data-hveid=\"CKUBEAE\" data-ved=\"2ahUKEwjpxKCIm-qQAxUtqZUCHeUaFVMQ3fYKegUIpQEQAQ\">\n<div class=\"niO4u\"><\/div>\n<\/div>\n<\/div>\n<\/div>\n<\/div>\n<\/div>\n<\/div>\n<\/li>\n<\/ul>\n<\/div>\n<div id=\"ITsTaamwL63S1sQP5bXUmAU__45\" class=\"bsmXxe\" role=\"none\">\n<ul>\n<li>\n<div class=\"zMgcWd dSKvsb\" data-il=\"\">\n<div data-crb-p=\"\">\n<div class=\"xFTqob\">\n<div class=\"Gur8Ad\"><span data-huuid=\"14294262190636490662\"><strong>Producci\u00f3n espec\u00edfica:<\/strong>\u00a0<\/span><\/div>\n<div class=\"vM0jzc\"><span data-huuid=\"14294262190636487063\">Puede incluir especializaciones como producci\u00f3n de animales de granja o de zonas \u00e1ridas, seg\u00fan la universidad.<span class=\"pjBG2e\" data-cid=\"257e51f0-2316-4f35-9f55-2996e6a5f88b\"><span class=\"UV3uM\">\u00a0<\/span><\/span><\/span><\/p>\n<div class=\"NPrrbc\" data-cid=\"257e51f0-2316-4f35-9f55-2996e6a5f88b\" data-uuids=\"14294262190636490662,14294262190636487063\">\n<div class=\"BMebGe btku5b LwdV0e FR7ZSc OJeuxf\" tabindex=\"0\" role=\"button\" aria-label=\"Ver v\u00ednculos relacionados\" data-hveid=\"CKcBEAE\" data-ved=\"2ahUKEwjpxKCIm-qQAxUtqZUCHeUaFVMQ3fYKegUIpwEQAQ\">\n<div><\/div>\n<div class=\"niO4u\">Salida laboral<\/div>\n<\/div>\n<\/div>\n<\/div>\n<\/div>\n<\/div>\n<\/div>\n<\/li>\n<\/ul>\n<\/div>\n<\/div>\n<\/div>\n<div class=\"WaaZC\">\n<div id=\"ITsTaamwL63S1sQP5bXUmAU__18\" class=\"bsmXxe\" role=\"none\">\n<div id=\"ITsTaamwL63S1sQP5bXUmAU__22\" class=\"bsmXxe\" role=\"none\">\n<div class=\"zMgcWd dSKvsb\" data-il=\"\">\n<div data-crb-p=\"\">\n<div class=\"xFTqob\">\n<ul>\n<li class=\"Gur8Ad\"><span data-huuid=\"14294262190636489548\"><strong>R\u00e1pida inserci\u00f3n:<\/strong>\u00a0<\/span><\/li>\n<li class=\"vM0jzc\"><span data-huuid=\"14294262190636490045\">Es una carrera corta que permite una r\u00e1pida salida laboral en establecimientos productivos. <\/span><\/li>\n<li><strong>Variedad de roles:<\/strong><\/li>\n<li>El egresado puede trabajar como t\u00e9cnico, supervisor operativo, nexo entre t\u00e9cnicos y operarios, o gestor de peque\u00f1as empresas del sector.<\/li>\n<li><strong>\u00c1mbito de trabajo:<\/strong><\/li>\n<\/ul>\n<\/div>\n<\/div>\n<\/div>\n<\/div>\n<div id=\"ITsTaamwL63S1sQP5bXUmAU__33\" class=\"bsmXxe\" role=\"none\">\n<div class=\"zMgcWd dSKvsb\" data-il=\"\">\n<div data-crb-p=\"\">\n<div class=\"xFTqob\">\n<div class=\"vM0jzc\"><span data-huuid=\"14294262190636488931\">Se puede trabajar tanto en grandes empresas agropecuarias como en peque\u00f1os establecimientos o en empresas de servicios relacionadas con el sector.<span class=\"pjBG2e\" data-cid=\"ea211488-98d5-4d89-bb10-70fbdf620ce5\"><span class=\"UV3uM\">\u00a0<\/span><\/span><\/span><\/div>\n<\/div>\n<\/div>\n<\/div>\n<\/div>\n<\/div>\n<\/div>\n<p class=\"MsoNormal\" style=\"text-align: justify;\">\n<p class=\"MsoNormal\" style=\"text-align: justify; margin: 0cm 0cm 0pt;\">\n<div><object data=\"http:\/\/widget-82.slide.com\/widgets\/slideticker.swf\" type=\"application\/x-shockwave-flash\" width=\"497\" height=\"416\" align=\"middle\"><param name=\"flashvars\" value=\"cy=h5&amp;il=1&amp;channel=2738188573477677186&amp;site=widget-82.slide.com\" \/><param name=\"src\" value=\"http:\/\/widget-82.slide.com\/widgets\/slideticker.swf\" \/><param name=\"wmode\" value=\"transparent\" \/><param name=\"quality\" value=\"high\" \/><\/object><\/div>\n<p class=\"MsoNormal\" style=\"text-align: justify; margin: 0cm 0cm 0pt;\">\n<p class=\"MsoNormal\" style=\"text-align: justify; margin: 0cm 0cm 0pt;\">\n<p class=\"MsoNormal\" style=\"text-align: justify; margin: 0cm 0cm 0pt;\">\n","protected":false},"excerpt":{"rendered":"<p>La tecnicatura en producci\u00f3n animal es una carrera t\u00e9cnica enfocada en la gesti\u00f3n de explotaciones ganaderas, abarcando desde la alimentaci\u00f3n y sanidad hasta la administraci\u00f3n y comercializaci\u00f3n de productos de origen animal.\u00a0Prepara profesionales para trabajar en el sector agropecuario, con un enfoque en la producci\u00f3n sostenible y el manejo de tecnolog\u00edas actuales, y proporciona una &#8230; <a title=\"Tecnicatura Superior en Producci\u00f3n Agropecuaria con Orientaci\u00f3n en Producci\u00f3n Animal\" class=\"read-more\" href=\"https:\/\/isfdcytcabreralaishi-for.infd.edu.ar\/sitio\/tecnicatura-superior-en-turismo\/\" aria-label=\"More on Tecnicatura Superior en Producci\u00f3n Agropecuaria con Orientaci\u00f3n en Producci\u00f3n Animal\">[+]<\/a><\/p>\n","protected":false},"author":7,"featured_media":0,"parent":0,"menu_order":0,"comment_status":"closed","ping_status":"closed","template":"","meta":[],"acf":[],"_links":{"self":[{"href":"https:\/\/isfdcytcabreralaishi-for.infd.edu.ar\/sitio\/wp-json\/wp\/v2\/pages\/970"}],"collection":[{"href":"https:\/\/isfdcytcabreralaishi-for.infd.edu.ar\/sitio\/wp-json\/wp\/v2\/pages"}],"about":[{"href":"https:\/\/isfdcytcabreralaishi-for.infd.edu.ar\/sitio\/wp-json\/wp\/v2\/types\/page"}],"author":[{"embeddable":true,"href":"https:\/\/isfdcytcabreralaishi-for.infd.edu.ar\/sitio\/wp-json\/wp\/v2\/users\/7"}],"replies":[{"embeddable":true,"href":"https:\/\/isfdcytcabreralaishi-for.infd.edu.ar\/sitio\/wp-json\/wp\/v2\/comments?post=970"}],"version-history":[{"count":3,"href":"https:\/\/isfdcytcabreralaishi-for.infd.edu.ar\/sitio\/wp-json\/wp\/v2\/pages\/970\/revisions"}],"predecessor-version":[{"id":1278,"href":"https:\/\/isfdcytcabreralaishi-for.infd.edu.ar\/sitio\/wp-json\/wp\/v2\/pages\/970\/revisions\/1278"}],"wp:attachment":[{"href":"https:\/\/isfdcytcabreralaishi-for.infd.edu.ar\/sitio\/wp-json\/wp\/v2\/media?parent=970"}],"curies":[{"name":"wp","href":"https:\/\/api.w.org\/{rel}","templated":true}]}}