{"id":989,"date":"2018-08-30T18:37:51","date_gmt":"2018-08-30T21:37:51","guid":{"rendered":"https:\/\/isfdcytcabreralaishi-for.infd.edu.ar\/sitio\/capacitacion-docente\/"},"modified":"2018-09-19T01:12:16","modified_gmt":"2018-09-19T04:12:16","slug":"capacitacion-docente","status":"publish","type":"page","link":"https:\/\/isfdcytcabreralaishi-for.infd.edu.ar\/sitio\/capacitacion-docente\/","title":{"rendered":"Capacitaci\u00f3n Docente"},"content":{"rendered":"<p style=\"text-align: center;\"><span style=\"font-size: 14pt;\"><strong><span style=\"color: #666699;\"><span style=\"font-family: arial,helvetica,sans-serif;\"><span style=\"font-size: 12pt;\">\u00abSeminario de Resoluci\u00f3n de Problemas\u00bb<\/span><\/span><\/span><\/strong><\/span><\/p>\n<p style=\"text-align: center;\"><strong><span style=\"color: #666699;\"><span style=\"font-family: arial,helvetica,sans-serif;\"><span style=\"font-size: 12pt;\">\u00a0<\/span><\/span><\/span><\/strong><\/p>\n<p><span style=\"font-size: 12pt;\"><span style=\"color: #666699;\"><span style=\"font-family: arial,helvetica,sans-serif;\"><span style=\"font-size: 12pt;\">Profesores coordinadores de las Olimpiadas Matem\u00e1ticas de la Provincia de Formosa:<\/span><\/span><\/span><\/span><\/p>\n<p><span style=\"font-size: 12pt;\"><span style=\"color: #666699;\"><span style=\"font-family: arial,helvetica,sans-serif;\"><span style=\"font-size: 12pt;\">\u00a0\u00a0\u00a0\u00a0\u00a0\u00a0\u00a0\u00a0\u00a0\u00a0\u00a0\u00a0\u00a0\u00a0\u00a0\u00a0\u00a0\u00a0 \u00a0\u00a0 Rey Zarza.<\/span><\/span><\/span><\/span><\/p>\n<p><span style=\"font-size: 12pt;\"><span style=\"color: #666699;\"><span style=\"font-family: arial,helvetica,sans-serif;\"><span style=\"font-size: 12pt;\">\u00a0\u00a0\u00a0\u00a0\u00a0\u00a0\u00a0\u00a0\u00a0\u00a0\u00a0\u00a0\u00a0\u00a0\u00a0\u00a0\u00a0\u00a0\u00a0\u00a0 \u00a0carlos Dellagnolo<\/span><\/span><\/span><\/span><\/p>\n<p><span style=\"font-size: 12pt;\"><span style=\"color: #666699;\"><span style=\"font-family: arial,helvetica,sans-serif;\"><span style=\"font-size: 12pt;\">Profesora\u00a0 de Matem\u00e0tica de las c\u00e1tedra de matem\u00e1tica y Did\u00e1ctica de la matem\u00e1tica de la Instituci\u00f3n:<\/span><\/span><\/span><\/span><\/p>\n<p><span style=\"font-size: 12pt;\"><span style=\"color: #666699;\"><span style=\"font-family: arial,helvetica,sans-serif;\"><span style=\"font-size: 12pt;\">\u00a0\u00a0\u00a0\u00a0\u00a0\u00a0\u00a0\u00a0\u00a0\u00a0\u00a0\u00a0\u00a0\u00a0\u00a0\u00a0\u00a0\u00a0\u00a0\u00a0 \u00a0Zulma E. Zamudio de Paredes<\/span><\/span><\/span><\/span><\/p>\n<p><span style=\"color: #666699;\"><span style=\"font-family: arial,helvetica,sans-serif;\"><span style=\"font-size: 12pt;\">\u00a0<\/span><\/span><\/span><\/p>\n<p style=\"text-align: center;\"><span style=\"color: #666699;\"><span style=\"font-family: arial,helvetica,sans-serif;\"><span style=\"font-size: 12pt;\">\u00a0<strong>\u00abLa Resoluci\u00f3n de Problemas en el Aprendizaje de las Matem\u00e1ticas\u00bb<\/strong><\/span><\/span><\/span><\/p>\n<p><span style=\"font-size: 12pt;\"><span style=\"color: #666699;\"><span style=\"font-family: arial,helvetica,sans-serif;\"><span style=\"font-size: 12pt;\">Aprobado por Resoluci\u00f3n Ministerial N\u00ba 2084 con 64 horas reloj.<\/span><\/span><\/span><\/span><\/p>\n<p><span style=\"font-size: 12pt;\"><span style=\"color: #666699;\"><span style=\"font-family: arial,helvetica,sans-serif;\"><span style=\"font-size: 12pt;\">capacitadora: Prof. Zulma E. Zamudio de Paredes<\/span><\/span><\/span><\/span><\/p>\n","protected":false},"excerpt":{"rendered":"<p>\u00abSeminario de Resoluci\u00f3n de Problemas\u00bb \u00a0 Profesores coordinadores de las Olimpiadas Matem\u00e1ticas de la Provincia de Formosa: \u00a0\u00a0\u00a0\u00a0\u00a0\u00a0\u00a0\u00a0\u00a0\u00a0\u00a0\u00a0\u00a0\u00a0\u00a0\u00a0\u00a0\u00a0 \u00a0\u00a0 Rey Zarza. \u00a0\u00a0\u00a0\u00a0\u00a0\u00a0\u00a0\u00a0\u00a0\u00a0\u00a0\u00a0\u00a0\u00a0\u00a0\u00a0\u00a0\u00a0\u00a0\u00a0 \u00a0carlos Dellagnolo Profesora\u00a0 de Matem\u00e0tica de las c\u00e1tedra de matem\u00e1tica y Did\u00e1ctica de la matem\u00e1tica de la Instituci\u00f3n: \u00a0\u00a0\u00a0\u00a0\u00a0\u00a0\u00a0\u00a0\u00a0\u00a0\u00a0\u00a0\u00a0\u00a0\u00a0\u00a0\u00a0\u00a0\u00a0\u00a0 \u00a0Zulma E. Zamudio de Paredes \u00a0 \u00a0\u00abLa Resoluci\u00f3n de Problemas en el Aprendizaje de &#8230; <a title=\"Capacitaci\u00f3n Docente\" class=\"read-more\" href=\"https:\/\/isfdcytcabreralaishi-for.infd.edu.ar\/sitio\/capacitacion-docente\/\" aria-label=\"More on Capacitaci\u00f3n Docente\">[+]<\/a><\/p>\n","protected":false},"author":7,"featured_media":0,"parent":0,"menu_order":0,"comment_status":"closed","ping_status":"closed","template":"","meta":[],"acf":[],"_links":{"self":[{"href":"https:\/\/isfdcytcabreralaishi-for.infd.edu.ar\/sitio\/wp-json\/wp\/v2\/pages\/989"}],"collection":[{"href":"https:\/\/isfdcytcabreralaishi-for.infd.edu.ar\/sitio\/wp-json\/wp\/v2\/pages"}],"about":[{"href":"https:\/\/isfdcytcabreralaishi-for.infd.edu.ar\/sitio\/wp-json\/wp\/v2\/types\/page"}],"author":[{"embeddable":true,"href":"https:\/\/isfdcytcabreralaishi-for.infd.edu.ar\/sitio\/wp-json\/wp\/v2\/users\/7"}],"replies":[{"embeddable":true,"href":"https:\/\/isfdcytcabreralaishi-for.infd.edu.ar\/sitio\/wp-json\/wp\/v2\/comments?post=989"}],"version-history":[{"count":1,"href":"https:\/\/isfdcytcabreralaishi-for.infd.edu.ar\/sitio\/wp-json\/wp\/v2\/pages\/989\/revisions"}],"predecessor-version":[{"id":1100,"href":"https:\/\/isfdcytcabreralaishi-for.infd.edu.ar\/sitio\/wp-json\/wp\/v2\/pages\/989\/revisions\/1100"}],"wp:attachment":[{"href":"https:\/\/isfdcytcabreralaishi-for.infd.edu.ar\/sitio\/wp-json\/wp\/v2\/media?parent=989"}],"curies":[{"name":"wp","href":"https:\/\/api.w.org\/{rel}","templated":true}]}}